{"id":17177,"date":"2021-10-27T20:48:18","date_gmt":"2021-10-27T20:48:18","guid":{"rendered":"https:\/\/museosdelbancocentral.org\/?page_id=17177"},"modified":"2024-04-08T22:17:51","modified_gmt":"2024-04-08T22:17:51","slug":"catalogo-de-publicaciones-impresas","status":"publish","type":"page","link":"https:\/\/museosdelbancocentral.org\/eng\/catalogo-de-publicaciones-impresas\/","title":{"rendered":"Cat\u00e1logos de la tienda"},"content":{"rendered":"<div data-elementor-type=\"wp-page\" data-elementor-id=\"17177\" class=\"elementor elementor-17177\">\n\t\t\t\t\t\t<div class=\"elementor-inner\">\n\t\t\t\t<div class=\"elementor-section-wrap\">\n\t\t\t\t\t\t\t\t\t<section class=\"elementor-section elementor-top-section elementor-element elementor-element-955384a elementor-section-boxed elementor-section-height-default elementor-section-height-default\" data-id=\"955384a\" data-element_type=\"section\">\n\t\t\t\t\t\t<div class=\"elementor-container elementor-column-gap-extended\">\n\t\t\t\t\t\t\t<div class=\"elementor-row\">\n\t\t\t\t\t<div class=\"elementor-column elementor-col-100 elementor-top-column elementor-element elementor-element-3ea0912 sc_inner_width_none sc_content_align_inherit sc_layouts_column_icons_position_left\" data-id=\"3ea0912\" data-element_type=\"column\">\n\t\t\t<div class=\"elementor-column-wrap elementor-element-populated\">\n\t\t\t\t\t\t\t<div class=\"elementor-widget-wrap\">\n\t\t\t\t\t\t\t\t<\/div>\n\t\t\t\t\t<\/div>\n\t\t<\/div>\n\t\t\t\t\t\t\t\t<\/div>\n\t\t\t\t\t<\/div>\n\t\t<\/section>\n\t\t\t\t<section class=\"elementor-section elementor-top-section elementor-element elementor-element-75a8c9d elementor-section-boxed elementor-section-height-default elementor-section-height-default\" data-id=\"75a8c9d\" data-element_type=\"section\">\n\t\t\t\t\t\t<div class=\"elementor-container elementor-column-gap-extended\">\n\t\t\t\t\t\t\t<div class=\"elementor-row\">\n\t\t\t\t\t<div class=\"elementor-column elementor-col-100 elementor-top-column elementor-element elementor-element-aa57534 sc_inner_width_none sc_content_align_inherit sc_layouts_column_icons_position_left\" data-id=\"aa57534\" data-element_type=\"column\">\n\t\t\t<div class=\"elementor-column-wrap elementor-element-populated\">\n\t\t\t\t\t\t\t<div class=\"elementor-widget-wrap\">\n\t\t\t\t\t\t<div class=\"elementor-element elementor-element-6ac80a9 animation_type_block sc_fly_static elementor-widget elementor-widget-spacer\" data-id=\"6ac80a9\" data-element_type=\"widget\" data-widget_type=\"spacer.default\">\n\t\t\t\t<div class=\"elementor-widget-container\">\n\t\t\t\t\t<div class=\"elementor-spacer\">\n\t\t\t<div class=\"elementor-spacer-inner\"><\/div>\n\t\t<\/div>\n\t\t\t\t<\/div>\n\t\t\t\t<\/div>\n\t\t\t\t<div class=\"elementor-element elementor-element-a584613 animation_type_block sc_fly_static elementor-widget elementor-widget-heading\" data-id=\"a584613\" data-element_type=\"widget\" data-widget_type=\"heading.default\">\n\t\t\t\t<div class=\"elementor-widget-container\">\n\t\t\t<h2 class=\"elementor-heading-title elementor-size-default\">Cat\u00e1logos de nuestra tienda<\/h2>\t\t<\/div>\n\t\t\t\t<\/div>\n\t\t\t\t<div class=\"elementor-element elementor-element-20bdff4 animation_type_block sc_fly_static elementor-widget elementor-widget-spacer\" data-id=\"20bdff4\" data-element_type=\"widget\" data-widget_type=\"spacer.default\">\n\t\t\t\t<div class=\"elementor-widget-container\">\n\t\t\t\t\t<div class=\"elementor-spacer\">\n\t\t\t<div class=\"elementor-spacer-inner\"><\/div>\n\t\t<\/div>\n\t\t\t\t<\/div>\n\t\t\t\t<\/div>\n\t\t\t\t<div class=\"elementor-element elementor-element-d57cc88 animation_type_block sc_fly_static elementor-widget elementor-widget-heading\" data-id=\"d57cc88\" data-element_type=\"widget\" data-widget_type=\"heading.default\">\n\t\t\t\t<div class=\"elementor-widget-container\">\n\t\t\t<h4 class=\"elementor-heading-title elementor-size-default\">Publicaciones impresas disponibles<\/h4>\t\t<\/div>\n\t\t\t\t<\/div>\n\t\t\t\t<div class=\"elementor-element elementor-element-9268a84 sc_height_small animation_type_block sc_fly_static elementor-widget elementor-widget-spacer\" data-id=\"9268a84\" data-element_type=\"widget\" data-widget_type=\"spacer.default\">\n\t\t\t\t<div class=\"elementor-widget-container\">\n\t\t\t\t\t<div class=\"elementor-spacer\">\n\t\t\t<div class=\"elementor-spacer-inner\"><\/div>\n\t\t<\/div>\n\t\t\t\t<\/div>\n\t\t\t\t<\/div>\n\t\t\t\t<div class=\"elementor-element elementor-element-a2c147c animation_type_block sc_fly_static elementor-widget elementor-widget-text-editor\" data-id=\"a2c147c\" data-element_type=\"widget\" data-widget_type=\"text-editor.default\">\n\t\t\t\t<div class=\"elementor-widget-container\">\n\t\t\t\t\t\t\t\t<div class=\"elementor-text-editor elementor-clearfix\">\n\t\t\t\t<p>Las investigaciones de arqueolog\u00eda, numism\u00e1tica, artes visuales que realizamos en los Museos se recopilan en publicaciones gracias a nuestro programa editorial. Hoy sumamos m\u00e1s de 50 t\u00edtulos realizadas por el equipo de curadores del Museo e investigadores aliados e invitados. Les compartimos las publicaciones disponibles de forma impresa. Puede adquirirlos en nuestra tienda ubicada bajo la Plaza de la Cultura o comunicarse con nosotros al +506 89637070 para coordinar el env\u00edo a domicilio.\u00a0<\/p>\t\t\t\t\t<\/div>\n\t\t\t\t\t\t<\/div>\n\t\t\t\t<\/div>\n\t\t\t\t<div class=\"elementor-element elementor-element-ae0d89f sc_height_small animation_type_block sc_fly_static elementor-widget elementor-widget-spacer\" data-id=\"ae0d89f\" data-element_type=\"widget\" data-widget_type=\"spacer.default\">\n\t\t\t\t<div class=\"elementor-widget-container\">\n\t\t\t\t\t<div class=\"elementor-spacer\">\n\t\t\t<div class=\"elementor-spacer-inner\"><\/div>\n\t\t<\/div>\n\t\t\t\t<\/div>\n\t\t\t\t<\/div>\n\t\t\t\t<div class=\"elementor-element elementor-element-65ec772 animation_type_block sc_fly_static elementor-widget elementor-widget-text-editor\" data-id=\"65ec772\" data-element_type=\"widget\" data-widget_type=\"text-editor.default\">\n\t\t\t\t<div class=\"elementor-widget-container\">\n\t\t\t\t\t\t\t\t<div class=\"elementor-text-editor elementor-clearfix\">\n\t\t\t\t\t\t\t\t\t<\/div>\n\t\t\t\t\t\t<\/div>\n\t\t\t\t<\/div>\n\t\t\t\t<div class=\"elementor-element elementor-element-68302f7 animation_type_block sc_fly_static elementor-widget elementor-widget-html\" data-id=\"68302f7\" data-element_type=\"widget\" data-widget_type=\"html.default\">\n\t\t\t\t<div class=\"elementor-widget-container\">\n\t\t\t<iframe allowfullscreen=\"allowfullscreen\" scrolling=\"no\" class=\"fp-iframe lazyload\" data-src=\"https:\/\/heyzine.com\/flip-book\/5ef627a8bc.html\" style=\"border: 1px solid lightgray; width: 100%; height: 400px;\" src=\"data:image\/svg+xml;base64,PHN2ZyB3aWR0aD0iMSIgaGVpZ2h0PSIxIiB4bWxucz0iaHR0cDovL3d3dy53My5vcmcvMjAwMC9zdmciPjwvc3ZnPg==\" data-load-mode=\"1\"><\/iframe>\t\t<\/div>\n\t\t\t\t<\/div>\n\t\t\t\t<div class=\"elementor-element elementor-element-8599fad animation_type_block sc_fly_static elementor-widget elementor-widget-spacer\" data-id=\"8599fad\" data-element_type=\"widget\" data-widget_type=\"spacer.default\">\n\t\t\t\t<div class=\"elementor-widget-container\">\n\t\t\t\t\t<div class=\"elementor-spacer\">\n\t\t\t<div class=\"elementor-spacer-inner\"><\/div>\n\t\t<\/div>\n\t\t\t\t<\/div>\n\t\t\t\t<\/div>\n\t\t\t\t\t\t<\/div>\n\t\t\t\t\t<\/div>\n\t\t<\/div>\n\t\t\t\t\t\t\t\t<\/div>\n\t\t\t\t\t<\/div>\n\t\t<\/section>\n\t\t\t\t\t\t\t\t\t<\/div>\n\t\t\t<\/div>\n\t\t\t\t\t<\/div>","protected":false},"excerpt":{"rendered":"<p>Cat\u00e1logos de nuestra tienda Publicaciones impresas disponibles Las investigaciones de arqueolog\u00eda, numism\u00e1tica, artes visuales que realizamos en los Museos se recopilan en publicaciones gracias a nuestro programa editorial. Hoy sumamos m\u00e1s de 50 t\u00edtulos realizadas por el equipo de curadores del Museo e investigadores aliados&hellip;<\/p>","protected":false},"author":2,"featured_media":0,"parent":0,"menu_order":0,"comment_status":"closed","ping_status":"closed","template":"","meta":{"footnotes":""},"class_list":["post-17177","page","type-page","status-publish","hentry"],"_links":{"self":[{"href":"https:\/\/museosdelbancocentral.org\/eng\/wp-json\/wp\/v2\/pages\/17177","targetHints":{"allow":["GET"]}}],"collection":[{"href":"https:\/\/museosdelbancocentral.org\/eng\/wp-json\/wp\/v2\/pages"}],"about":[{"href":"https:\/\/museosdelbancocentral.org\/eng\/wp-json\/wp\/v2\/types\/page"}],"author":[{"embeddable":true,"href":"https:\/\/museosdelbancocentral.org\/eng\/wp-json\/wp\/v2\/users\/2"}],"replies":[{"embeddable":true,"href":"https:\/\/museosdelbancocentral.org\/eng\/wp-json\/wp\/v2\/comments?post=17177"}],"version-history":[{"count":12,"href":"https:\/\/museosdelbancocentral.org\/eng\/wp-json\/wp\/v2\/pages\/17177\/revisions"}],"predecessor-version":[{"id":21845,"href":"https:\/\/museosdelbancocentral.org\/eng\/wp-json\/wp\/v2\/pages\/17177\/revisions\/21845"}],"wp:attachment":[{"href":"https:\/\/museosdelbancocentral.org\/eng\/wp-json\/wp\/v2\/media?parent=17177"}],"curies":[{"name":"wp","href":"https:\/\/api.w.org\/{rel}","templated":true}]}}