{"id":19227,"date":"2022-08-12T19:21:23","date_gmt":"2022-08-12T19:21:23","guid":{"rendered":"https:\/\/museosdelbancocentral.org\/?page_id=19227"},"modified":"2022-08-12T19:21:23","modified_gmt":"2022-08-12T19:21:23","slug":"convocatoria-alcancias","status":"publish","type":"page","link":"https:\/\/museosdelbancocentral.org\/eng\/convocatoria-alcancias\/","title":{"rendered":"Convocatoria de alcanc\u00edas"},"content":{"rendered":"<div data-elementor-type=\"wp-page\" data-elementor-id=\"19227\" class=\"elementor elementor-19227\">\n\t\t\t\t\t\t<section class=\"elementor-section elementor-top-section elementor-element elementor-element-178cb0c elementor-section-boxed elementor-section-height-default elementor-section-height-default\" data-id=\"178cb0c\" data-element_type=\"section\" data-e-type=\"section\">\n\t\t\t\t\t\t<div class=\"elementor-container elementor-column-gap-extended\">\n\t\t\t\t\t<div class=\"elementor-column elementor-col-100 elementor-top-column elementor-element elementor-element-8cdc74b sc_inner_width_none sc_content_align_inherit sc_layouts_column_icons_position_left\" data-id=\"8cdc74b\" data-element_type=\"column\" data-e-type=\"column\">\n\t\t\t<div class=\"elementor-widget-wrap elementor-element-populated\">\n\t\t\t\t\t\t<div class=\"elementor-element elementor-element-ec4008b animation_type_block sc_fly_static elementor-widget elementor-widget-spacer\" data-id=\"ec4008b\" data-element_type=\"widget\" data-e-type=\"widget\" data-widget_type=\"spacer.default\">\n\t\t\t\t<div class=\"elementor-widget-container\">\n\t\t\t\t\t\t\t<div class=\"elementor-spacer\">\n\t\t\t<div class=\"elementor-spacer-inner\"><\/div>\n\t\t<\/div>\n\t\t\t\t\t\t<\/div>\n\t\t\t\t<\/div>\n\t\t\t\t<div class=\"elementor-element elementor-element-113200a animation_type_block sc_fly_static elementor-widget elementor-widget-heading\" data-id=\"113200a\" data-element_type=\"widget\" data-e-type=\"widget\" data-widget_type=\"heading.default\">\n\t\t\t\t<div class=\"elementor-widget-container\">\n\t\t\t\t\t<h3 class=\"elementor-heading-title elementor-size-default\">Convocatoria<\/h3>\t\t\t\t<\/div>\n\t\t\t\t<\/div>\n\t\t\t\t<div class=\"elementor-element elementor-element-3907e0d animation_type_block sc_fly_static elementor-widget elementor-widget-spacer\" data-id=\"3907e0d\" data-element_type=\"widget\" data-e-type=\"widget\" data-widget_type=\"spacer.default\">\n\t\t\t\t<div class=\"elementor-widget-container\">\n\t\t\t\t\t\t\t<div class=\"elementor-spacer\">\n\t\t\t<div class=\"elementor-spacer-inner\"><\/div>\n\t\t<\/div>\n\t\t\t\t\t\t<\/div>\n\t\t\t\t<\/div>\n\t\t\t\t<div class=\"elementor-element elementor-element-86cd9b2 animation_type_block sc_fly_static elementor-widget elementor-widget-heading\" data-id=\"86cd9b2\" data-element_type=\"widget\" data-e-type=\"widget\" data-widget_type=\"heading.default\">\n\t\t\t\t<div class=\"elementor-widget-container\">\n\t\t\t\t\t<h2 class=\"elementor-heading-title elementor-size-default\">Buscamos alcanc\u00edas para<\/h2>\t\t\t\t<\/div>\n\t\t\t\t<\/div>\n\t\t\t\t<div class=\"elementor-element elementor-element-51499be animation_type_block sc_fly_static elementor-widget elementor-widget-heading\" data-id=\"51499be\" data-element_type=\"widget\" data-e-type=\"widget\" data-widget_type=\"heading.default\">\n\t\t\t\t<div class=\"elementor-widget-container\">\n\t\t\t\t\t<h2 class=\"elementor-heading-title elementor-size-default\">nuestra pr\u00f3xima exhibici\u00f3n<\/h2>\t\t\t\t<\/div>\n\t\t\t\t<\/div>\n\t\t\t\t<div class=\"elementor-element elementor-element-cd83217 animation_type_block sc_fly_static elementor-widget elementor-widget-spacer\" data-id=\"cd83217\" data-element_type=\"widget\" data-e-type=\"widget\" data-widget_type=\"spacer.default\">\n\t\t\t\t<div class=\"elementor-widget-container\">\n\t\t\t\t\t\t\t<div class=\"elementor-spacer\">\n\t\t\t<div class=\"elementor-spacer-inner\"><\/div>\n\t\t<\/div>\n\t\t\t\t\t\t<\/div>\n\t\t\t\t<\/div>\n\t\t\t\t<div class=\"elementor-element elementor-element-51e7e60 animation_type_block sc_fly_static elementor-widget elementor-widget-image\" data-id=\"51e7e60\" data-element_type=\"widget\" data-e-type=\"widget\" data-widget_type=\"image.default\">\n\t\t\t\t<div class=\"elementor-widget-container\">\n\t\t\t\t\t\t\t\t\t\t\t\t\t\t\t<img fetchpriority=\"high\" decoding=\"async\" width=\"1024\" height=\"1024\" src=\"https:\/\/museosdelbancocentral.org\/wp-content\/uploads\/2022\/09\/WhatsApp-Image-2022-08-04-at-9.17.01-AM-1024x1024.jpeg\" class=\"attachment-large size-large wp-image-19357\" alt=\"\" srcset=\"https:\/\/museosdelbancocentral.org\/wp-content\/uploads\/2022\/09\/WhatsApp-Image-2022-08-04-at-9.17.01-AM-1024x1024.jpeg 1024w, https:\/\/museosdelbancocentral.org\/wp-content\/uploads\/2022\/09\/WhatsApp-Image-2022-08-04-at-9.17.01-AM-300x300.jpeg 300w, https:\/\/museosdelbancocentral.org\/wp-content\/uploads\/2022\/09\/WhatsApp-Image-2022-08-04-at-9.17.01-AM-150x150.jpeg 150w, https:\/\/museosdelbancocentral.org\/wp-content\/uploads\/2022\/09\/WhatsApp-Image-2022-08-04-at-9.17.01-AM-768x768.jpeg 768w, https:\/\/museosdelbancocentral.org\/wp-content\/uploads\/2022\/09\/WhatsApp-Image-2022-08-04-at-9.17.01-AM-12x12.jpeg 12w, https:\/\/museosdelbancocentral.org\/wp-content\/uploads\/2022\/09\/WhatsApp-Image-2022-08-04-at-9.17.01-AM-370x370.jpeg 370w, https:\/\/museosdelbancocentral.org\/wp-content\/uploads\/2022\/09\/WhatsApp-Image-2022-08-04-at-9.17.01-AM-90x90.jpeg 90w, https:\/\/museosdelbancocentral.org\/wp-content\/uploads\/2022\/09\/WhatsApp-Image-2022-08-04-at-9.17.01-AM-770x770.jpeg 770w, https:\/\/museosdelbancocentral.org\/wp-content\/uploads\/2022\/09\/WhatsApp-Image-2022-08-04-at-9.17.01-AM.jpeg 1280w\" sizes=\"(max-width: 1024px) 100vw, 1024px\" \/>\t\t\t\t\t\t\t\t\t\t\t\t\t\t\t<\/div>\n\t\t\t\t<\/div>\n\t\t\t\t<div class=\"elementor-element elementor-element-e23979e animation_type_block sc_fly_static elementor-widget elementor-widget-spacer\" data-id=\"e23979e\" data-element_type=\"widget\" data-e-type=\"widget\" data-widget_type=\"spacer.default\">\n\t\t\t\t<div class=\"elementor-widget-container\">\n\t\t\t\t\t\t\t<div class=\"elementor-spacer\">\n\t\t\t<div class=\"elementor-spacer-inner\"><\/div>\n\t\t<\/div>\n\t\t\t\t\t\t<\/div>\n\t\t\t\t<\/div>\n\t\t\t\t<div class=\"elementor-element elementor-element-687d9ed elementor-widget-divider--view-line animation_type_block sc_fly_static elementor-widget elementor-widget-divider\" data-id=\"687d9ed\" data-element_type=\"widget\" data-e-type=\"widget\" data-widget_type=\"divider.default\">\n\t\t\t\t<div class=\"elementor-widget-container\">\n\t\t\t\t\t\t\t<div class=\"elementor-divider\">\n\t\t\t<span class=\"elementor-divider-separator\">\n\t\t\t\t\t\t<\/span>\n\t\t<\/div>\n\t\t\t\t\t\t<\/div>\n\t\t\t\t<\/div>\n\t\t\t\t<div class=\"elementor-element elementor-element-86835de animation_type_block sc_fly_static elementor-widget elementor-widget-heading\" data-id=\"86835de\" data-element_type=\"widget\" data-e-type=\"widget\" data-widget_type=\"heading.default\">\n\t\t\t\t<div class=\"elementor-widget-container\">\n\t\t\t\t\t<h2 class=\"elementor-heading-title elementor-size-default\">\u00bfNos compartiste tu alcanc\u00eda? Te estaremos contactando <\/h2>\t\t\t\t<\/div>\n\t\t\t\t<\/div>\n\t\t\t\t<div class=\"elementor-element elementor-element-15219c4 animation_type_block sc_fly_static elementor-widget elementor-widget-spacer\" data-id=\"15219c4\" data-element_type=\"widget\" data-e-type=\"widget\" data-widget_type=\"spacer.default\">\n\t\t\t\t<div class=\"elementor-widget-container\">\n\t\t\t\t\t\t\t<div class=\"elementor-spacer\">\n\t\t\t<div class=\"elementor-spacer-inner\"><\/div>\n\t\t<\/div>\n\t\t\t\t\t\t<\/div>\n\t\t\t\t<\/div>\n\t\t\t\t<div class=\"elementor-element elementor-element-037a4cb animation_type_block sc_fly_static elementor-widget elementor-widget-text-editor\" data-id=\"037a4cb\" data-element_type=\"widget\" data-e-type=\"widget\" data-widget_type=\"text-editor.default\">\n\t\t\t\t<div class=\"elementor-widget-container\">\n\t\t\t\t\t\t\t\t\t<div class=\"cxmmr5t8 oygrvhab hcukyx3x c1et5uql o9v6fnle ii04i59q\"><p dir=\"auto\">Recibimos decenas y hemos elegido las m\u00e1s representativas seg\u00fan las tem\u00e1ticas de las exhibici\u00f3n donde las veremos.\u00a0<\/p><\/div>\t\t\t\t\t\t\t\t<\/div>\n\t\t\t\t<\/div>\n\t\t\t\t<div class=\"elementor-element elementor-element-bc49157 animation_type_block sc_fly_static elementor-widget elementor-widget-heading\" data-id=\"bc49157\" data-element_type=\"widget\" data-e-type=\"widget\" data-widget_type=\"heading.default\">\n\t\t\t\t<div class=\"elementor-widget-container\">\n\t\t\t\t\t<h2 class=\"elementor-heading-title elementor-size-default\">Nosotros cuidaremos tu alcanc\u00eda<\/h2>\t\t\t\t<\/div>\n\t\t\t\t<\/div>\n\t\t\t\t<div class=\"elementor-element elementor-element-1700cb7 animation_type_block sc_fly_static elementor-widget elementor-widget-spacer\" data-id=\"1700cb7\" data-element_type=\"widget\" data-e-type=\"widget\" data-widget_type=\"spacer.default\">\n\t\t\t\t<div class=\"elementor-widget-container\">\n\t\t\t\t\t\t\t<div class=\"elementor-spacer\">\n\t\t\t<div class=\"elementor-spacer-inner\"><\/div>\n\t\t<\/div>\n\t\t\t\t\t\t<\/div>\n\t\t\t\t<\/div>\n\t\t\t\t<div class=\"elementor-element elementor-element-69bd758 animation_type_block sc_fly_static elementor-widget elementor-widget-text-editor\" data-id=\"69bd758\" data-element_type=\"widget\" data-e-type=\"widget\" data-widget_type=\"text-editor.default\">\n\t\t\t\t<div class=\"elementor-widget-container\">\n\t\t\t\t\t\t\t\t\t<p><em>Si usted est\u00e1 de acuerdo en prestarnos sus alcanc\u00edas, los Museos del Banco Central le garantizan su cuido y manipulaci\u00f3n bajo los mismos protocolos y lineamientos de conservaci\u00f3n aplicados a las colecciones. Se detallan a continuaci\u00f3n las consideraciones y condiciones:<\/em><em>\u00a0<\/em><\/p><ul><li><em>Se realiza un acta de entrega\/recepci\u00f3n cuando se entrega el objeto al curador de Numism\u00e1tica o al encargado de colecciones, la cual es firmada por ambas partes (Museo y prestatario). Este documento contiene todas las especificaciones necesarias del objeto tales como: nombre, autor, medidas, lugar de procedencia y fotograf\u00eda.<\/em><\/li><li><em>Simult\u00e1neamente se hace un estado de conservaci\u00f3n para cada uno de los objetos. En el estado de conservaci\u00f3n se examina con detenimiento el objeto y se determina si posee o no rayones, suciedad, fracturas, entre otros deterioros. Esto con el fin de darles seguimiento y poder actuar si ocurriera un cambio en la alcancia.<\/em><\/li><li><em>Los objetos son guardados en un espacio de alta seguridad, el cual tiene acceso restringido. En este lugar, cada una de las piezas se guardan en estantes y con materiales libres de acidez, cumpliendo con est\u00e1ndares de conservaci\u00f3n y preservaci\u00f3n.<\/em><\/li><li><em>Los objetos permanecen guardados en nuestras b\u00f3vedas hasta el d\u00eda del montaje, cuando se instalan en las vitrinas en el espacio de exhibici\u00f3n.<\/em><\/li><li><em>La instalaci\u00f3n de las alcanc\u00edas se efect\u00faa por parte de los profesionales del Museo. Se utilizan materiales libres de acidez, adem\u00e1s se colocan dispositivos de sujeci\u00f3n que evitan el movimiento de la pieza en caso de temblores u otro movimiento brusco.<\/em><\/li><li><em>Cada vitrina est\u00e1 dise\u00f1ada con un sistema de seguridad espec\u00edfico, que incluye vidrios de seguridad y alarmas, las cuales suenan en caso de ser abiertas.<\/em><\/li><li><em>En general, cada objeto tiene un monitoreo constante por parte de los custodios de sala, seguridad y gesti\u00f3n de colecciones.<\/em><\/li><li><em>Las condiciones ambientales del Museo son controladas permanente lo que garantiza que su alcanc\u00eda se encontrar\u00e1 en un ambiente con una humedad y temperatura adecuadas.<\/em><\/li><\/ul><p>\u00a0<\/p><p>\u00a0<\/p>\t\t\t\t\t\t\t\t<\/div>\n\t\t\t\t<\/div>\n\t\t\t\t<div class=\"elementor-element elementor-element-1e36838 animation_type_block sc_fly_static elementor-widget elementor-widget-spacer\" data-id=\"1e36838\" data-element_type=\"widget\" data-e-type=\"widget\" data-widget_type=\"spacer.default\">\n\t\t\t\t<div class=\"elementor-widget-container\">\n\t\t\t\t\t\t\t<div class=\"elementor-spacer\">\n\t\t\t<div class=\"elementor-spacer-inner\"><\/div>\n\t\t<\/div>\n\t\t\t\t\t\t<\/div>\n\t\t\t\t<\/div>\n\t\t\t\t<div class=\"elementor-element elementor-element-6695429 animation_type_block sc_fly_static elementor-widget elementor-widget-spacer\" data-id=\"6695429\" data-element_type=\"widget\" data-e-type=\"widget\" data-widget_type=\"spacer.default\">\n\t\t\t\t<div class=\"elementor-widget-container\">\n\t\t\t\t\t\t\t<div class=\"elementor-spacer\">\n\t\t\t<div class=\"elementor-spacer-inner\"><\/div>\n\t\t<\/div>\n\t\t\t\t\t\t<\/div>\n\t\t\t\t<\/div>\n\t\t\t\t<div class=\"elementor-element elementor-element-48ce27f animation_type_block sc_fly_static elementor-widget elementor-widget-spacer\" data-id=\"48ce27f\" data-element_type=\"widget\" data-e-type=\"widget\" data-widget_type=\"spacer.default\">\n\t\t\t\t<div class=\"elementor-widget-container\">\n\t\t\t\t\t\t\t<div class=\"elementor-spacer\">\n\t\t\t<div class=\"elementor-spacer-inner\"><\/div>\n\t\t<\/div>\n\t\t\t\t\t\t<\/div>\n\t\t\t\t<\/div>\n\t\t\t\t<div class=\"elementor-element elementor-element-aae90ed elementor-widget-divider--view-line animation_type_block sc_fly_static elementor-widget elementor-widget-divider\" data-id=\"aae90ed\" data-element_type=\"widget\" data-e-type=\"widget\" data-widget_type=\"divider.default\">\n\t\t\t\t<div class=\"elementor-widget-container\">\n\t\t\t\t\t\t\t<div class=\"elementor-divider\">\n\t\t\t<span class=\"elementor-divider-separator\">\n\t\t\t\t\t\t<\/span>\n\t\t<\/div>\n\t\t\t\t\t\t<\/div>\n\t\t\t\t<\/div>\n\t\t\t\t\t<\/div>\n\t\t<\/div>\n\t\t\t\t\t<\/div>\n\t\t<\/section>\n\t\t\t\t<\/div>","protected":false},"excerpt":{"rendered":"<p>Convocatoria Buscamos alcanc\u00edas para nuestra pr\u00f3xima exhibici\u00f3n \u00bfNos compartiste tu alcanc\u00eda? Te estaremos contactando Recibimos decenas y hemos elegido las m\u00e1s representativas seg\u00fan las tem\u00e1ticas de las exhibici\u00f3n donde las veremos.\u00a0 Nosotros cuidaremos tu alcanc\u00eda Si usted est\u00e1 de acuerdo en prestarnos sus alcanc\u00edas, los&hellip;<\/p>","protected":false},"author":2,"featured_media":19357,"parent":0,"menu_order":0,"comment_status":"closed","ping_status":"closed","template":"","meta":{"footnotes":""},"class_list":["post-19227","page","type-page","status-publish","has-post-thumbnail","hentry"],"_links":{"self":[{"href":"https:\/\/museosdelbancocentral.org\/eng\/wp-json\/wp\/v2\/pages\/19227","targetHints":{"allow":["GET"]}}],"collection":[{"href":"https:\/\/museosdelbancocentral.org\/eng\/wp-json\/wp\/v2\/pages"}],"about":[{"href":"https:\/\/museosdelbancocentral.org\/eng\/wp-json\/wp\/v2\/types\/page"}],"author":[{"embeddable":true,"href":"https:\/\/museosdelbancocentral.org\/eng\/wp-json\/wp\/v2\/users\/2"}],"replies":[{"embeddable":true,"href":"https:\/\/museosdelbancocentral.org\/eng\/wp-json\/wp\/v2\/comments?post=19227"}],"version-history":[{"count":0,"href":"https:\/\/museosdelbancocentral.org\/eng\/wp-json\/wp\/v2\/pages\/19227\/revisions"}],"wp:featuredmedia":[{"embeddable":true,"href":"https:\/\/museosdelbancocentral.org\/eng\/wp-json\/wp\/v2\/media\/19357"}],"wp:attachment":[{"href":"https:\/\/museosdelbancocentral.org\/eng\/wp-json\/wp\/v2\/media?parent=19227"}],"curies":[{"name":"wp","href":"https:\/\/api.w.org\/{rel}","templated":true}]}}