{"id":6424,"date":"2021-02-01T15:44:21","date_gmt":"2021-02-01T15:44:21","guid":{"rendered":"https:\/\/museosdelbancocentral.org\/?page_id=6424"},"modified":"2025-10-10T17:19:29","modified_gmt":"2025-10-10T17:19:29","slug":"inscripcion-de-proveedores","status":"publish","type":"page","link":"https:\/\/museosdelbancocentral.org\/eng\/inscripcion-de-proveedores\/","title":{"rendered":"Vendor Registry"},"content":{"rendered":"<div data-elementor-type=\"wp-post\" data-elementor-id=\"6424\" class=\"elementor elementor-6424\">\n\t\t\t\t\t\t<div class=\"elementor-inner\">\n\t\t\t\t<div class=\"elementor-section-wrap\">\n\t\t\t\t\t\t\t\t\t<section class=\"elementor-section elementor-top-section elementor-element elementor-element-1d14d3a elementor-section-boxed elementor-section-height-default elementor-section-height-default\" data-id=\"1d14d3a\" data-element_type=\"section\">\n\t\t\t\t\t\t<div class=\"elementor-container elementor-column-gap-extended\">\n\t\t\t\t\t\t\t<div class=\"elementor-row\">\n\t\t\t\t\t<div class=\"elementor-column elementor-col-100 elementor-top-column elementor-element elementor-element-5ec425f sc_inner_width_none sc_content_align_inherit sc_layouts_column_icons_position_left\" data-id=\"5ec425f\" data-element_type=\"column\">\n\t\t\t<div class=\"elementor-column-wrap elementor-element-populated\">\n\t\t\t\t\t\t\t<div class=\"elementor-widget-wrap\">\n\t\t\t\t\t\t<div class=\"elementor-element elementor-element-1c80694 animation_type_block sc_fly_static elementor-widget elementor-widget-spacer\" data-id=\"1c80694\" data-element_type=\"widget\" data-widget_type=\"spacer.default\">\n\t\t\t\t<div class=\"elementor-widget-container\">\n\t\t\t\t\t<div class=\"elementor-spacer\">\n\t\t\t<div class=\"elementor-spacer-inner\"><\/div>\n\t\t<\/div>\n\t\t\t\t<\/div>\n\t\t\t\t<\/div>\n\t\t\t\t<div class=\"elementor-element elementor-element-323d558 animation_type_block sc_fly_static elementor-widget elementor-widget-text-editor\" data-id=\"323d558\" data-element_type=\"widget\" data-widget_type=\"text-editor.default\">\n\t\t\t\t<div class=\"elementor-widget-container\">\n\t\t\t\t\t\t\t\t<div class=\"elementor-text-editor elementor-clearfix\">\n\t\t\t\t<h1>Vendor Registry<\/h1>\t\t\t\t\t<\/div>\n\t\t\t\t\t\t<\/div>\n\t\t\t\t<\/div>\n\t\t\t\t<div class=\"elementor-element elementor-element-d341962 animation_type_block sc_fly_static elementor-widget elementor-widget-spacer\" data-id=\"d341962\" data-element_type=\"widget\" data-widget_type=\"spacer.default\">\n\t\t\t\t<div class=\"elementor-widget-container\">\n\t\t\t\t\t<div class=\"elementor-spacer\">\n\t\t\t<div class=\"elementor-spacer-inner\"><\/div>\n\t\t<\/div>\n\t\t\t\t<\/div>\n\t\t\t\t<\/div>\n\t\t\t\t\t\t<\/div>\n\t\t\t\t\t<\/div>\n\t\t<\/div>\n\t\t\t\t\t\t\t\t<\/div>\n\t\t\t\t\t<\/div>\n\t\t<\/section>\n\t\t\t\t<section class=\"elementor-section elementor-top-section elementor-element elementor-element-12dad2d elementor-section-boxed elementor-section-height-default elementor-section-height-default\" data-id=\"12dad2d\" data-element_type=\"section\">\n\t\t\t\t\t\t<div class=\"elementor-container elementor-column-gap-extended\">\n\t\t\t\t\t\t\t<div class=\"elementor-row\">\n\t\t\t\t\t<div class=\"elementor-column elementor-col-100 elementor-top-column elementor-element elementor-element-a49bb14 sc_inner_width_none sc_content_align_inherit sc_layouts_column_icons_position_left\" data-id=\"a49bb14\" data-element_type=\"column\">\n\t\t\t<div class=\"elementor-column-wrap elementor-element-populated\">\n\t\t\t\t\t\t\t<div class=\"elementor-widget-wrap\">\n\t\t\t\t\t\t<div class=\"elementor-element elementor-element-e98abb2 animation_type_block sc_fly_static elementor-widget elementor-widget-text-editor\" data-id=\"e98abb2\" data-element_type=\"widget\" data-widget_type=\"text-editor.default\">\n\t\t\t\t<div class=\"elementor-widget-container\">\n\t\t\t\t\t\t\t\t<div class=\"elementor-text-editor elementor-clearfix\">\n\t\t\t\t<p class=\"p2\">Con el prop\u00f3sito de formalizar el Registro de Proveedores, la Fundaci\u00f3n Museos del Banco Central, le solicita llenar los formularios que se adjuntan, acompa\u00f1ados con los documentos que se indican y presentarlos en el Departamento de Proveedur\u00eda de la Fundaci\u00f3n ubicada en los bajos de la Plaza de la Cultura.<\/p><p class=\"p2\">Individuals or legal entities who are interested should take the following into consideration:<\/p><p class=\"p2\">1-The information requested in the attached forms must be submitted even by those providers who already provide their services to the institution.<\/p><p class=\"p2\">2- Los formularios con informaci\u00f3n <b>incompleta <\/b>no ser\u00e1n registrados.<\/p>\t\t\t\t\t<\/div>\n\t\t\t\t\t\t<\/div>\n\t\t\t\t<\/div>\n\t\t\t\t\t\t<\/div>\n\t\t\t\t\t<\/div>\n\t\t<\/div>\n\t\t\t\t\t\t\t\t<\/div>\n\t\t\t\t\t<\/div>\n\t\t<\/section>\n\t\t\t\t<section class=\"elementor-section elementor-top-section elementor-element elementor-element-c6328c8 elementor-section-boxed elementor-section-height-default elementor-section-height-default\" data-id=\"c6328c8\" data-element_type=\"section\">\n\t\t\t\t\t\t<div class=\"elementor-container elementor-column-gap-extended\">\n\t\t\t\t\t\t\t<div class=\"elementor-row\">\n\t\t\t\t\t<div class=\"elementor-column elementor-col-100 elementor-top-column elementor-element elementor-element-8694091 sc_inner_width_none sc_content_align_inherit sc_layouts_column_icons_position_left\" data-id=\"8694091\" data-element_type=\"column\">\n\t\t\t<div class=\"elementor-column-wrap elementor-element-populated\">\n\t\t\t\t\t\t\t<div class=\"elementor-widget-wrap\">\n\t\t\t\t\t\t<div class=\"elementor-element elementor-element-9dc5cd8 animation_type_block sc_fly_static elementor-widget elementor-widget-spacer\" data-id=\"9dc5cd8\" data-element_type=\"widget\" data-widget_type=\"spacer.default\">\n\t\t\t\t<div class=\"elementor-widget-container\">\n\t\t\t\t\t<div class=\"elementor-spacer\">\n\t\t\t<div class=\"elementor-spacer-inner\"><\/div>\n\t\t<\/div>\n\t\t\t\t<\/div>\n\t\t\t\t<\/div>\n\t\t\t\t<div class=\"elementor-element elementor-element-727d5b0 animation_type_block sc_fly_static elementor-widget elementor-widget-accordion\" data-id=\"727d5b0\" data-element_type=\"widget\" data-widget_type=\"accordion.default\">\n\t\t\t\t<div class=\"elementor-widget-container\">\n\t\t\t\t\t<div class=\"elementor-accordion\" role=\"tablist\">\n\t\t\t\t\t\t\t<div class=\"elementor-accordion-item\">\n\t\t\t\t\t<div id=\"elementor-tab-title-1201\" class=\"elementor-tab-title\" data-tab=\"1\" role=\"tab\" aria-controls=\"elementor-tab-content-1201\" aria-expanded=\"false\">\n\t\t\t\t\t\t\t\t\t\t\t\t\t<span class=\"elementor-accordion-icon elementor-accordion-icon-right\" aria-hidden=\"true\">\n\t\t\t\t\t\t\t\t\t\t\t\t\t\t\t<span class=\"elementor-accordion-icon-closed\"><i class=\"fas fa-chevron-down\"><\/i><\/span>\n\t\t\t\t\t\t\t\t<span class=\"elementor-accordion-icon-opened\"><i class=\"fas fa-chevron-up\"><\/i><\/span>\n\t\t\t\t\t\t\t\t\t\t\t\t\t\t<\/span>\n\t\t\t\t\t\t\t\t\t\t\t\t<a class=\"elementor-accordion-title\" href=\"\">Individuals:<\/a>\n\t\t\t\t\t<\/div>\n\t\t\t\t\t<div id=\"elementor-tab-content-1201\" class=\"elementor-tab-content elementor-clearfix\" data-tab=\"1\" role=\"tabpanel\" aria-labelledby=\"elementor-tab-title-1201\"><p class=\"p2\">Providers providing their services on their own behalf must provide the following information:<\/p><p class=\"p3\">1- El formulario adjunto con toda la informaci\u00f3n requerida.<\/p><p class=\"p3\">2 - An affidavit stating that they are not bound to any of the legal restrictions to be contracted by the Foundation established by article 22 of the Ley de Contrataci\u00f3n Administrativa.<\/p><p class=\"p3\">3- Fotocopia de la c\u00e9dula de identidad por ambos lados.<\/p><p class=\"p3\">4- La Fundaci\u00f3n corroborara en el sistema ATV que se encuentre registrado y autorizado para vender ese bien o servicio. De no encontrarse autorizado, deber\u00e1 agregar esa actividad econ\u00f3mica e indicarnos para volver a revisar su status.<\/p><p class=\"p2\">5- Solo se reciben facturas electr\u00f3nicas para tramitar pagos, si usted tiene una excepci\u00f3n debe indicar que puede entregar facturas impresas y el debido comprobante; el mismo caso si es exento de impuestos, debe presentar el documento que lo respalde. Debe entregar documentos originales, no se ingresar\u00e1 al Registro con documentos copias. No se aceptan documentos a los cuales se les pega una imagen de firma, esto para todos los documentos que se deben enviar y entregar en original.<\/p><\/div>\n\t\t\t\t<\/div>\n\t\t\t\t\t\t\t<div class=\"elementor-accordion-item\">\n\t\t\t\t\t<div id=\"elementor-tab-title-1202\" class=\"elementor-tab-title\" data-tab=\"2\" role=\"tab\" aria-controls=\"elementor-tab-content-1202\" aria-expanded=\"false\">\n\t\t\t\t\t\t\t\t\t\t\t\t\t<span class=\"elementor-accordion-icon elementor-accordion-icon-right\" aria-hidden=\"true\">\n\t\t\t\t\t\t\t\t\t\t\t\t\t\t\t<span class=\"elementor-accordion-icon-closed\"><i class=\"fas fa-chevron-down\"><\/i><\/span>\n\t\t\t\t\t\t\t\t<span class=\"elementor-accordion-icon-opened\"><i class=\"fas fa-chevron-up\"><\/i><\/span>\n\t\t\t\t\t\t\t\t\t\t\t\t\t\t<\/span>\n\t\t\t\t\t\t\t\t\t\t\t\t<a class=\"elementor-accordion-title\" href=\"\">Legal Entities:<\/a>\n\t\t\t\t\t<\/div>\n\t\t\t\t\t<div id=\"elementor-tab-content-1202\" class=\"elementor-tab-content elementor-clearfix\" data-tab=\"2\" role=\"tabpanel\" aria-labelledby=\"elementor-tab-title-1202\"><p class=\"p2\">Deber\u00e1n presentar:<\/p><p class=\"p3\">1- Certificaci\u00f3n registral o notarial con no menos de 15 d\u00edas naturales de emitida de la inscripci\u00f3n de la sociedad en el Registro P\u00fablico, as\u00ed como de las personas que tienen la representaci\u00f3n legal y el nombre de los socios.<\/p><p class=\"p2\">2- Certificaci\u00f3n del Registro P\u00fablico y\/o notario p\u00fablico sobre la naturaleza de las cuotas y acciones, con vista en los libros del Registro.<\/p><p class=\"p4\">2<\/p><p class=\"p3\">3- Declaraci\u00f3n jurada de no encontrarse en ninguno de los casos de imposibilidad legal para contratar con la Fundaci\u00f3n, a que se refiere el art\u00edculo 22 de la Ley de Contrataci\u00f3n Administrativa. Y del Cap\u00edtulo V del Reglamento de la Contrataci\u00f3n Administrativa.<\/p><p class=\"p3\">4- Fotocopia por ambos lados de la c\u00e9dula de identidad del representante legal de la empresa.<\/p><p class=\"p3\">5- Los formularios adjuntos con la informaci\u00f3n requerida.<\/p><p class=\"p3\">6- Agregar una carta donde se especifique el banco, la cuenta IBAN y la cuenta corriente donde se deba depositar el pago por el servicio o producto comprado. Preferiblemente una cuenta con el Banco BAC de San Jos\u00e9. De esta forma no se presentaran gastos por comisi\u00f3n por el traslado de fondos, los cuales se cubrir\u00e1n por parte del proveedor en el caso de ser necesarios.<\/p><p class=\"p3\">7- La Fundaci\u00f3n corroborara en el sistema ATV que se encuentre registrado y autorizado para vender ese bien o servicio. De no encontrarse autorizado, deber\u00e1 agregar esa actividad econ\u00f3mica e indicarnos, para volver a revisar su status.<\/p><p class=\"p2\">8- Solo se reciben facturas electr\u00f3nicas para tramitar pagos, si usted tiene una excepci\u00f3n debe indicar que puede entregar facturas impresas y el debido comprobante, el mismo caso, si es exento de impuestos de ventas, debe presentar comprobante que lo respalde. Debe entregar documentos originales, no se ingresar\u00e1 al Registro con documentos copias. No se aceptan documentos a los cuales se les pega una imagen de firma, esto para todos los documentos que se deben enviar y entregar en original<span class=\"s2\">. <\/span><\/p><\/div>\n\t\t\t\t<\/div>\n\t\t\t\t\t\t\t<div class=\"elementor-accordion-item\">\n\t\t\t\t\t<div id=\"elementor-tab-title-1203\" class=\"elementor-tab-title\" data-tab=\"3\" role=\"tab\" aria-controls=\"elementor-tab-content-1203\" aria-expanded=\"false\">\n\t\t\t\t\t\t\t\t\t\t\t\t\t<span class=\"elementor-accordion-icon elementor-accordion-icon-right\" aria-hidden=\"true\">\n\t\t\t\t\t\t\t\t\t\t\t\t\t\t\t<span class=\"elementor-accordion-icon-closed\"><i class=\"fas fa-chevron-down\"><\/i><\/span>\n\t\t\t\t\t\t\t\t<span class=\"elementor-accordion-icon-opened\"><i class=\"fas fa-chevron-up\"><\/i><\/span>\n\t\t\t\t\t\t\t\t\t\t\t\t\t\t<\/span>\n\t\t\t\t\t\t\t\t\t\t\t\t<a class=\"elementor-accordion-title\" href=\"\">Foreign Suppliers:<\/a>\n\t\t\t\t\t<\/div>\n\t\t\t\t\t<div id=\"elementor-tab-content-1203\" class=\"elementor-tab-content elementor-clearfix\" data-tab=\"3\" role=\"tabpanel\" aria-labelledby=\"elementor-tab-title-1203\"><p class=\"p1\">1-In the case of representatives of foreign suppliers, they must indicate who will keep the representation in our country, and if it is exclusive or authorized.<\/p><p class=\"p1\">2- General information on the services you intend to offer.<\/p><p class=\"p1\">4-Include a letter specifying the bank, \"cuenta cliente\", and checking account where payment for the purchased service or product must be deposited. Preferably, an account with BAC Bank of San Jose. In this way, there will be no commission costs for the transfer of funds. If any, they will be covered by the supplier.\nRegards,<\/p><p class=\"p1\">4- Agregar una carta donde se especifique el banco, la cuenta cliente y la cuenta corriente donde se deba depositar el pago por el servicio o producto comprado. Preferiblemente una cuenta con el Banco BAC de San Jos\u00e9. De esta forma no se presentaran gastos por comisi\u00f3n por el traslado de fondos, los cuales se cubrir\u00e1n por parte del proveedor en el caso de ser necesarios.<\/p><\/div>\n\t\t\t\t<\/div>\n\t\t\t\t\t\t\t\t<\/div>\n\t\t\t\t<\/div>\n\t\t\t\t<\/div>\n\t\t\t\t<div class=\"elementor-element elementor-element-c916219 animation_type_block sc_fly_static elementor-widget elementor-widget-spacer\" data-id=\"c916219\" data-element_type=\"widget\" data-widget_type=\"spacer.default\">\n\t\t\t\t<div class=\"elementor-widget-container\">\n\t\t\t\t\t<div class=\"elementor-spacer\">\n\t\t\t<div class=\"elementor-spacer-inner\"><\/div>\n\t\t<\/div>\n\t\t\t\t<\/div>\n\t\t\t\t<\/div>\n\t\t\t\t\t\t<\/div>\n\t\t\t\t\t<\/div>\n\t\t<\/div>\n\t\t\t\t\t\t\t\t<\/div>\n\t\t\t\t\t<\/div>\n\t\t<\/section>\n\t\t\t\t<section class=\"elementor-section elementor-top-section elementor-element elementor-element-8d59326 elementor-section-boxed elementor-section-height-default elementor-section-height-default\" data-id=\"8d59326\" data-element_type=\"section\">\n\t\t\t\t\t\t<div class=\"elementor-container elementor-column-gap-extended\">\n\t\t\t\t\t\t\t<div class=\"elementor-row\">\n\t\t\t\t\t<div class=\"elementor-column elementor-col-100 elementor-top-column elementor-element elementor-element-7e7a2f8 sc_inner_width_none sc_content_align_inherit sc_layouts_column_icons_position_left\" data-id=\"7e7a2f8\" data-element_type=\"column\">\n\t\t\t<div class=\"elementor-column-wrap elementor-element-populated\">\n\t\t\t\t\t\t\t<div class=\"elementor-widget-wrap\">\n\t\t\t\t\t\t<div class=\"elementor-element elementor-element-6622409 animation_type_block sc_fly_static elementor-widget elementor-widget-text-editor\" data-id=\"6622409\" data-element_type=\"widget\" data-widget_type=\"text-editor.default\">\n\t\t\t\t<div class=\"elementor-widget-container\">\n\t\t\t\t\t\t\t\t<div class=\"elementor-text-editor elementor-clearfix\">\n\t\t\t\t<p>Download:\u00a0 <b><a href=\"https:\/\/museosdelbancocentral.org\/wp-content\/uploads\/2025\/06\/Formulario-Inscripcion-Proveedores-2025.docx\" target=\"_blank\" rel=\"noopener\">Supplier Form<\/a><\/b><\/p><p>Download: <strong><a href=\"https:\/\/museosdelbancocentral.org\/wp-content\/uploads\/2025\/06\/Lista-de-requisitos-Proveedores-2025-1.pdf\">Supplier Requirement Checklist<\/a><\/strong><\/p><p>Download: <b><a href=\"https:\/\/museosdelbancocentral.org\/wp-content\/uploads\/2021\/03\/reglamento-para-la-contratacion-de-bienes-y-servicios.pdf\" target=\"_blank\" rel=\"noopener\">FMBCCR Purchasing Regulations<\/a><\/b><\/p><p>Download:<a href=\"https:\/\/museosdelbancocentral.org\/wp-content\/uploads\/2025\/09\/Informacion-para-fact.digital-2025-Set.pdf\"><strong> Information for digital billing<\/strong><\/a><\/p>\t\t\t\t\t<\/div>\n\t\t\t\t\t\t<\/div>\n\t\t\t\t<\/div>\n\t\t\t\t\t\t<\/div>\n\t\t\t\t\t<\/div>\n\t\t<\/div>\n\t\t\t\t\t\t\t\t<\/div>\n\t\t\t\t\t<\/div>\n\t\t<\/section>\n\t\t\t\t\t\t\t\t\t<\/div>\n\t\t\t<\/div>\n\t\t\t\t\t<\/div>","protected":false},"excerpt":{"rendered":"<p>Inscripci\u00f3n de Proveedores Con el prop\u00f3sito de formalizar el Registro de Proveedores, la Fundaci\u00f3n Museos del Banco Central, le solicita llenar los formularios que se adjuntan, acompa\u00f1ados con los documentos que se indican y presentarlos en el Departamento de Proveedur\u00eda de la Fundaci\u00f3n ubicada en&hellip;<\/p>","protected":false},"author":3,"featured_media":0,"parent":0,"menu_order":0,"comment_status":"closed","ping_status":"closed","template":"","meta":{"footnotes":""},"class_list":["post-6424","page","type-page","status-publish","hentry"],"_links":{"self":[{"href":"https:\/\/museosdelbancocentral.org\/eng\/wp-json\/wp\/v2\/pages\/6424","targetHints":{"allow":["GET"]}}],"collection":[{"href":"https:\/\/museosdelbancocentral.org\/eng\/wp-json\/wp\/v2\/pages"}],"about":[{"href":"https:\/\/museosdelbancocentral.org\/eng\/wp-json\/wp\/v2\/types\/page"}],"author":[{"embeddable":true,"href":"https:\/\/museosdelbancocentral.org\/eng\/wp-json\/wp\/v2\/users\/3"}],"replies":[{"embeddable":true,"href":"https:\/\/museosdelbancocentral.org\/eng\/wp-json\/wp\/v2\/comments?post=6424"}],"version-history":[{"count":15,"href":"https:\/\/museosdelbancocentral.org\/eng\/wp-json\/wp\/v2\/pages\/6424\/revisions"}],"predecessor-version":[{"id":22732,"href":"https:\/\/museosdelbancocentral.org\/eng\/wp-json\/wp\/v2\/pages\/6424\/revisions\/22732"}],"wp:attachment":[{"href":"https:\/\/museosdelbancocentral.org\/eng\/wp-json\/wp\/v2\/media?parent=6424"}],"curies":[{"name":"wp","href":"https:\/\/api.w.org\/{rel}","templated":true}]}}