{"id":7680,"date":"2021-02-09T21:37:35","date_gmt":"2021-02-09T21:37:35","guid":{"rendered":"https:\/\/museosdelbancocentral.org\/?page_id=7680"},"modified":"2021-02-09T21:37:35","modified_gmt":"2021-02-09T21:37:35","slug":"prestamo-de-imagenes-de-las-colecciones-de-los-museos-banco-central-de-costa-rica","status":"publish","type":"page","link":"https:\/\/museosdelbancocentral.org\/eng\/prestamo-de-imagenes-de-las-colecciones-de-los-museos-banco-central-de-costa-rica\/","title":{"rendered":"Pr\u00e9stamo de im\u00e1genes de las colecciones de los Museos Banco Central de Costa Rica"},"content":{"rendered":"<div data-elementor-type=\"wp-post\" data-elementor-id=\"7680\" class=\"elementor elementor-7680\">\n\t\t\t\t\t\t<div class=\"elementor-inner\">\n\t\t\t\t<div class=\"elementor-section-wrap\">\n\t\t\t\t\t\t\t\t\t<section class=\"elementor-section elementor-top-section elementor-element elementor-element-1d14d3a elementor-section-boxed elementor-section-height-default elementor-section-height-default\" data-id=\"1d14d3a\" data-element_type=\"section\">\n\t\t\t\t\t\t<div class=\"elementor-container elementor-column-gap-extended\">\n\t\t\t\t\t\t\t<div class=\"elementor-row\">\n\t\t\t\t\t<div class=\"elementor-column elementor-col-100 elementor-top-column elementor-element elementor-element-5ec425f sc_inner_width_none sc_content_align_inherit sc_layouts_column_icons_position_left\" data-id=\"5ec425f\" data-element_type=\"column\">\n\t\t\t<div class=\"elementor-column-wrap elementor-element-populated\">\n\t\t\t\t\t\t\t<div class=\"elementor-widget-wrap\">\n\t\t\t\t\t\t<div class=\"elementor-element elementor-element-1c80694 animation_type_block sc_fly_static elementor-widget elementor-widget-spacer\" data-id=\"1c80694\" data-element_type=\"widget\" data-widget_type=\"spacer.default\">\n\t\t\t\t<div class=\"elementor-widget-container\">\n\t\t\t\t\t<div class=\"elementor-spacer\">\n\t\t\t<div class=\"elementor-spacer-inner\"><\/div>\n\t\t<\/div>\n\t\t\t\t<\/div>\n\t\t\t\t<\/div>\n\t\t\t\t<div class=\"elementor-element elementor-element-323d558 animation_type_block sc_fly_static elementor-widget elementor-widget-text-editor\" data-id=\"323d558\" data-element_type=\"widget\" data-widget_type=\"text-editor.default\">\n\t\t\t\t<div class=\"elementor-widget-container\">\n\t\t\t\t\t\t\t\t<div class=\"elementor-text-editor elementor-clearfix\">\n\t\t\t\t<h1>Pr\u00e9stamo de im\u00e1genes de las colecciones de los Museos Banco Central de Costa Rica<\/h1>\t\t\t\t\t<\/div>\n\t\t\t\t\t\t<\/div>\n\t\t\t\t<\/div>\n\t\t\t\t<div class=\"elementor-element elementor-element-76862ed elementor-widget-divider--view-line animation_type_block sc_fly_static elementor-widget elementor-widget-divider\" data-id=\"76862ed\" data-element_type=\"widget\" data-widget_type=\"divider.default\">\n\t\t\t\t<div class=\"elementor-widget-container\">\n\t\t\t\t\t<div class=\"elementor-divider\">\n\t\t\t<span class=\"elementor-divider-separator\">\n\t\t\t\t\t\t<\/span>\n\t\t<\/div>\n\t\t\t\t<\/div>\n\t\t\t\t<\/div>\n\t\t\t\t<div class=\"elementor-element elementor-element-d341962 animation_type_block sc_fly_static elementor-widget elementor-widget-spacer\" data-id=\"d341962\" data-element_type=\"widget\" data-widget_type=\"spacer.default\">\n\t\t\t\t<div class=\"elementor-widget-container\">\n\t\t\t\t\t<div class=\"elementor-spacer\">\n\t\t\t<div class=\"elementor-spacer-inner\"><\/div>\n\t\t<\/div>\n\t\t\t\t<\/div>\n\t\t\t\t<\/div>\n\t\t\t\t\t\t<\/div>\n\t\t\t\t\t<\/div>\n\t\t<\/div>\n\t\t\t\t\t\t\t\t<\/div>\n\t\t\t\t\t<\/div>\n\t\t<\/section>\n\t\t\t\t<section class=\"elementor-section elementor-top-section elementor-element elementor-element-12dad2d elementor-section-boxed elementor-section-height-default elementor-section-height-default\" data-id=\"12dad2d\" data-element_type=\"section\">\n\t\t\t\t\t\t<div class=\"elementor-container elementor-column-gap-extended\">\n\t\t\t\t\t\t\t<div class=\"elementor-row\">\n\t\t\t\t\t<div class=\"elementor-column elementor-col-100 elementor-top-column elementor-element elementor-element-a49bb14 sc_inner_width_none sc_content_align_inherit sc_layouts_column_icons_position_left\" data-id=\"a49bb14\" data-element_type=\"column\">\n\t\t\t<div class=\"elementor-column-wrap elementor-element-populated\">\n\t\t\t\t\t\t\t<div class=\"elementor-widget-wrap\">\n\t\t\t\t\t\t<div class=\"elementor-element elementor-element-df6e9b4 animation_type_block sc_fly_static elementor-widget elementor-widget-image\" data-id=\"df6e9b4\" data-element_type=\"widget\" data-widget_type=\"image.default\">\n\t\t\t\t<div class=\"elementor-widget-container\">\n\t\t\t\t\t\t\t\t<div class=\"elementor-image\">\n\t\t\t\t\t\t\t\t\t\t\t\t<img decoding=\"async\" width=\"1024\" height=\"348\" data-src=\"https:\/\/museosdelbancocentral.org\/wp-content\/uploads\/2021\/02\/objetos-de-colecciones-1024x348.jpg\" class=\"attachment-large size-large lazyload\" alt=\"\" data-srcset=\"https:\/\/museosdelbancocentral.org\/wp-content\/uploads\/2021\/02\/objetos-de-colecciones-1024x348.jpg 1024w, https:\/\/museosdelbancocentral.org\/wp-content\/uploads\/2021\/02\/objetos-de-colecciones-300x102.jpg 300w, https:\/\/museosdelbancocentral.org\/wp-content\/uploads\/2021\/02\/objetos-de-colecciones-768x261.jpg 768w, https:\/\/museosdelbancocentral.org\/wp-content\/uploads\/2021\/02\/objetos-de-colecciones-16x5.jpg 16w, https:\/\/museosdelbancocentral.org\/wp-content\/uploads\/2021\/02\/objetos-de-colecciones-370x126.jpg 370w, https:\/\/museosdelbancocentral.org\/wp-content\/uploads\/2021\/02\/objetos-de-colecciones-770x262.jpg 770w, https:\/\/museosdelbancocentral.org\/wp-content\/uploads\/2021\/02\/objetos-de-colecciones-600x204.jpg 600w, https:\/\/museosdelbancocentral.org\/wp-content\/uploads\/2021\/02\/objetos-de-colecciones.jpg 1165w\" data-sizes=\"(max-width: 1024px) 100vw, 1024px\" src=\"data:image\/svg+xml;base64,PHN2ZyB3aWR0aD0iMSIgaGVpZ2h0PSIxIiB4bWxucz0iaHR0cDovL3d3dy53My5vcmcvMjAwMC9zdmciPjwvc3ZnPg==\" style=\"--smush-placeholder-width: 1024px; --smush-placeholder-aspect-ratio: 1024\/348;\" \/>\t\t\t\t\t\t\t\t\t\t\t\t\t\t<\/div>\n\t\t\t\t\t\t<\/div>\n\t\t\t\t<\/div>\n\t\t\t\t<div class=\"elementor-element elementor-element-492bf83 animation_type_block sc_fly_static elementor-widget elementor-widget-spacer\" data-id=\"492bf83\" data-element_type=\"widget\" data-widget_type=\"spacer.default\">\n\t\t\t\t<div class=\"elementor-widget-container\">\n\t\t\t\t\t<div class=\"elementor-spacer\">\n\t\t\t<div class=\"elementor-spacer-inner\"><\/div>\n\t\t<\/div>\n\t\t\t\t<\/div>\n\t\t\t\t<\/div>\n\t\t\t\t<div class=\"elementor-element elementor-element-e98abb2 animation_type_block sc_fly_static elementor-widget elementor-widget-text-editor\" data-id=\"e98abb2\" data-element_type=\"widget\" data-widget_type=\"text-editor.default\">\n\t\t\t\t<div class=\"elementor-widget-container\">\n\t\t\t\t\t\t\t\t<div class=\"elementor-text-editor elementor-clearfix\">\n\t\t\t\t<p>Los Museos del Banco Central disponen de un banco de im\u00e1genes de los objetos que conforman sus colecciones, las cuales se pueden facilitar de manera digital a quienes deseen reproducirlas o publicarlas con fines educativos. Para solicitar las im\u00e1genes digitales en alta resoluci\u00f3n,\u00a0es necesario llenar el formulario que ver\u00e1 a continuaci\u00f3n.<\/p><p>La aprobaci\u00f3n de la solicitud quedar\u00e1 a discreci\u00f3n de los Museos del Banco Central y, una vez aprobada, se proceder\u00e1 con la firma de un acuerdo entre ambas partes que incluir\u00e1 las condiciones de uso.<\/p><p><em>Nota: Las obras<\/em><em> de arte fotografiadas est\u00e1n protegidas por derechos de autor. Es, por lo tanto, responsabilidad del solicitante obtener del artista o de los titulares de dichos derechos los permisos correspondientes antes de proceder a su <\/em><em>uso. Para que el Museo facilite las fotos o el permiso para fotografiar estas obras, el solicitante debe presentar una carta firmada por el autor o lo titulares de los derechos de la obra donde le autoriza su uso. Para m\u00e1s informaci\u00f3n puede escribir a <\/em><a href=\"mailto:museosbccr@gmail.com\"><em>museosbccr@gmail.com<\/em><\/a><\/p>\t\t\t\t\t<\/div>\n\t\t\t\t\t\t<\/div>\n\t\t\t\t<\/div>\n\t\t\t\t<div class=\"elementor-element elementor-element-0f31e3b animation_type_block sc_fly_static elementor-widget elementor-widget-spacer\" data-id=\"0f31e3b\" data-element_type=\"widget\" data-widget_type=\"spacer.default\">\n\t\t\t\t<div class=\"elementor-widget-container\">\n\t\t\t\t\t<div class=\"elementor-spacer\">\n\t\t\t<div class=\"elementor-spacer-inner\"><\/div>\n\t\t<\/div>\n\t\t\t\t<\/div>\n\t\t\t\t<\/div>\n\t\t\t\t<div class=\"elementor-element elementor-element-f00ee03 animation_type_block sc_fly_static elementor-widget elementor-widget-trx_sc_button\" data-id=\"f00ee03\" data-element_type=\"widget\" data-widget_type=\"trx_sc_button.default\">\n\t\t\t\t<div class=\"elementor-widget-container\">\n\t\t\t<div id=\"trx_sc_button_1584509106\"\tclass=\"sc_item_button sc_button_wrap sc_align_center\"><a href=\"https:\/\/museosdelbancocentral.org\/eng\/solicitud-prestamo-de-imagenes-de-las-colecciones-del-banco-central-de-costa-rica\/\" class=\"sc_button sc_button_default sc_button_size_normal sc_button_icon_left\"><span class=\"sc_button_text sc_align_center\"><span class=\"sc_button_title\">Solicitar imagenes<\/span><\/span><!-- \/.sc_button_text --><\/a><!-- \/.sc_button --><\/div><!-- \/.sc_item_button -->\t\t<\/div>\n\t\t\t\t<\/div>\n\t\t\t\t<div class=\"elementor-element elementor-element-c4d3ccd animation_type_block sc_fly_static elementor-widget elementor-widget-spacer\" data-id=\"c4d3ccd\" data-element_type=\"widget\" data-widget_type=\"spacer.default\">\n\t\t\t\t<div class=\"elementor-widget-container\">\n\t\t\t\t\t<div class=\"elementor-spacer\">\n\t\t\t<div class=\"elementor-spacer-inner\"><\/div>\n\t\t<\/div>\n\t\t\t\t<\/div>\n\t\t\t\t<\/div>\n\t\t\t\t\t\t<\/div>\n\t\t\t\t\t<\/div>\n\t\t<\/div>\n\t\t\t\t\t\t\t\t<\/div>\n\t\t\t\t\t<\/div>\n\t\t<\/section>\n\t\t\t\t\t\t\t\t\t<\/div>\n\t\t\t<\/div>\n\t\t\t\t\t<\/div>","protected":false},"excerpt":{"rendered":"<p>Pr\u00e9stamo de im\u00e1genes de las colecciones de los Museos Banco Central de Costa Rica Los Museos del Banco Central disponen de un banco de im\u00e1genes de los objetos que conforman sus colecciones, las cuales se pueden facilitar de manera digital a quienes deseen reproducirlas o&hellip;<\/p>","protected":false},"author":3,"featured_media":0,"parent":0,"menu_order":0,"comment_status":"closed","ping_status":"closed","template":"","meta":{"footnotes":""},"class_list":["post-7680","page","type-page","status-publish","hentry"],"_links":{"self":[{"href":"https:\/\/museosdelbancocentral.org\/eng\/wp-json\/wp\/v2\/pages\/7680","targetHints":{"allow":["GET"]}}],"collection":[{"href":"https:\/\/museosdelbancocentral.org\/eng\/wp-json\/wp\/v2\/pages"}],"about":[{"href":"https:\/\/museosdelbancocentral.org\/eng\/wp-json\/wp\/v2\/types\/page"}],"author":[{"embeddable":true,"href":"https:\/\/museosdelbancocentral.org\/eng\/wp-json\/wp\/v2\/users\/3"}],"replies":[{"embeddable":true,"href":"https:\/\/museosdelbancocentral.org\/eng\/wp-json\/wp\/v2\/comments?post=7680"}],"version-history":[{"count":0,"href":"https:\/\/museosdelbancocentral.org\/eng\/wp-json\/wp\/v2\/pages\/7680\/revisions"}],"wp:attachment":[{"href":"https:\/\/museosdelbancocentral.org\/eng\/wp-json\/wp\/v2\/media?parent=7680"}],"curies":[{"name":"wp","href":"https:\/\/api.w.org\/{rel}","templated":true}]}}