{"id":9566,"date":"2021-03-09T19:33:50","date_gmt":"2021-03-09T19:33:50","guid":{"rendered":"https:\/\/museosdelbancocentral.org\/?page_id=9566"},"modified":"2021-03-09T19:33:50","modified_gmt":"2021-03-09T19:33:50","slug":"medidas-sanitarias-para-reducir-el-riesgo-de-contagio-de-covid-19","status":"publish","type":"page","link":"https:\/\/museosdelbancocentral.org\/eng\/medidas-sanitarias-para-reducir-el-riesgo-de-contagio-de-covid-19\/","title":{"rendered":"Medidas sanitarias para reducir el riesgo de contagio de COVID-19"},"content":{"rendered":"<div data-elementor-type=\"wp-post\" data-elementor-id=\"9566\" class=\"elementor elementor-9566\">\n\t\t\t\t\t\t<div class=\"elementor-inner\">\n\t\t\t\t<div class=\"elementor-section-wrap\">\n\t\t\t\t\t\t\t\t\t<section class=\"elementor-section elementor-top-section elementor-element elementor-element-12dad2d elementor-section-boxed elementor-section-height-default elementor-section-height-default\" data-id=\"12dad2d\" data-element_type=\"section\">\n\t\t\t\t\t\t<div class=\"elementor-container elementor-column-gap-extended\">\n\t\t\t\t\t\t\t<div class=\"elementor-row\">\n\t\t\t\t\t<div class=\"elementor-column elementor-col-100 elementor-top-column elementor-element elementor-element-a49bb14 sc_inner_width_none sc_content_align_inherit sc_layouts_column_icons_position_left\" data-id=\"a49bb14\" data-element_type=\"column\">\n\t\t\t<div class=\"elementor-column-wrap elementor-element-populated\">\n\t\t\t\t\t\t\t<div class=\"elementor-widget-wrap\">\n\t\t\t\t\t\t<div class=\"elementor-element elementor-element-e98abb2 animation_type_block sc_fly_static elementor-widget elementor-widget-text-editor\" data-id=\"e98abb2\" data-element_type=\"widget\" data-widget_type=\"text-editor.default\">\n\t\t\t\t<div class=\"elementor-widget-container\">\n\t\t\t\t\t\t\t\t<div class=\"elementor-text-editor elementor-clearfix\">\n\t\t\t\t<h4 style=\"margin: 0px; padding: 8px 0px; font-size: 22px; font-stretch: inherit; line-height: 1; vertical-align: baseline; caret-color: #000000; color: #000000; letter-spacing: normal; text-size-adjust: auto;\"><span style=\"font-family: Poppins, sans-serif; font-size: 14px; font-style: normal; font-weight: normal; color: rgb(112, 112, 112);\">Procurando el bienestar y la salud de todos, agradecemos su colaboraci\u00f3n con las siguientes medidas:<\/span><br><\/h4>\n<h2 style=\"margin: 0px; padding: 10px 0px; font-size: 28px; font-stretch: inherit; line-height: 1; vertical-align: baseline; color: #000000; caret-color: #000000; letter-spacing: normal; text-size-adjust: auto;\">Medidas sanitarias antes y durante su recorrido por el museo:<\/h2>\n<ol class=\"covid\" style=\"margin: 0px; padding: 10px 10px 10px 20px; font-family: Poppins, sans-serif; font-size: 16px; font-style: normal; font-weight: normal; font-stretch: inherit; vertical-align: baseline; list-style: none; text-size-adjust: auto;\">\n<li style=\"margin-top: 0px; margin-bottom: 0px; padding: 10px 0px; font-size: inherit; font-variant-caps: inherit; font-stretch: inherit; vertical-align: baseline;\"><span style=\"margin: 0px; padding: 0px; font-size: inherit; font-variant-caps: inherit; font-weight: 600; font-stretch: inherit; vertical-align: baseline;\">We remind you that the use of a face covering is mandatory to enter the museum.<\/span><\/li>\n<li style=\"margin-top: 0px; margin-bottom: 0px; padding: 10px 0px; font-size: inherit; font-variant-caps: inherit; font-stretch: inherit; vertical-align: baseline;\">Estamos limitando la cantidad de visitantes dentro de las salas al 50% de nuestra capacidad. Eso quiere decir que en simult\u00e1neo solo podremos recibir 150 personas en toda el \u00e1rea del museo.<\/li>\n<li style=\"margin-top: 0px; margin-bottom: 0px; padding: 10px 0px; font-size: inherit; font-variant-caps: inherit; font-stretch: inherit; vertical-align: baseline;\">Following the guidelines of the health authorities, we offer you the possibility to buy your ticket online.<span class=\"Apple-converted-space\">&nbsp;<\/span><a style=\"margin: 0px; padding: 0px; font-size: inherit; font-variant-caps: inherit; font-stretch: inherit; vertical-align: baseline; transition: all 0.4s ease 0s; color: #ffc627;\" href=\"https:\/\/museosdelbancocentral.org\/eng\/boleteria.museosdelbancocentral.org\/\" target=\"_blank\" rel=\"noopener\">boleteria.museosdelbancocentral.org<\/a>. Si no tuviera la posibilidad de hacerlo por este medio, puede llamar el 2243 4223 para apoyarlo en el proceso de compra.<span class=\"Apple-converted-space\">&nbsp;<\/span><\/li>\n<li style=\"margin-top: 0px; margin-bottom: 0px; padding: 10px 0px; font-size: inherit; font-variant-caps: inherit; font-stretch: inherit; vertical-align: baseline;\">It is mandatory for all people entering the museum to wash their hands in the restrooms located at the entrance.<\/li>\n<li style=\"margin-top: 0px; margin-bottom: 0px; padding: 10px 0px; font-size: inherit; font-variant-caps: inherit; font-stretch: inherit; vertical-align: baseline;\">Estaremos record\u00e1ndole mediante rotulaci\u00f3n, la forma adecuada de lavado de manos y la manera correcta de estornudar y toser.<\/li>\n<li style=\"margin-top: 0px; margin-bottom: 0px; padding: 10px 0px; font-size: inherit; font-variant-caps: inherit; font-stretch: inherit; vertical-align: baseline;\">No se permitir\u00e1 el ingreso de personas que manifiesten s\u00edntomas como fiebre, tos o dificultad para respirar. Para esto, los compa\u00f1eros de seguridad realizar\u00e1n el monitoreo de temperatura.<\/li>\n<li style=\"margin-top: 0px; margin-bottom: 0px; padding: 10px 0px; font-size: inherit; font-variant-caps: inherit; font-stretch: inherit; vertical-align: baseline;\">We ask you to keep a 2-meter distance in case there is a line when entering the museum, when touring the exhibition halls, in rest areas, or in the audiovisual rooms.<\/li>\n<li style=\"margin-top: 0px; margin-bottom: 0px; padding: 10px 0px; font-size: inherit; font-variant-caps: inherit; font-stretch: inherit; vertical-align: baseline;\">Cuando visite el museo, por favor utilice bolsos de mano peque\u00f1os para reducir al m\u00e1ximo el uso del \u00e1rea del guardarropa.<\/li>\n<li style=\"margin-top: 0px; margin-bottom: 0px; padding: 10px 0px; font-size: inherit; font-variant-caps: inherit; font-stretch: inherit; vertical-align: baseline;\">Las estaciones t\u00e1ctiles que implican un alto nivel de manipulaci\u00f3n se clausurar\u00e1n temporalmente, y las que implican un nivel medio de manipulaci\u00f3n se estar\u00e1n modificando para reducir el contacto con la mismas. Gracias por su comprensi\u00f3n.<\/li>\n<\/ol>\n<h2 style=\"margin: 0px; padding: 10px 0px; font-size: 28px; font-stretch: inherit; line-height: 1; vertical-align: baseline; color: #000000; caret-color: #000000; letter-spacing: normal; text-size-adjust: auto;\">Medidas de limpieza y mantenimiento:<\/h2>\n<ol style=\"margin: 0px; padding: 10px 10px 10px 20px; font-family: Poppins, sans-serif; font-size: 16px; font-style: normal; font-weight: normal; font-stretch: inherit; vertical-align: baseline; list-style: none; text-size-adjust: auto;\">\n<li style=\"margin-top: 0px; margin-bottom: 0px; padding: 10px 0px; font-size: inherit; font-variant-caps: inherit; font-stretch: inherit; vertical-align: baseline;\">En el 2018 se cambi\u00f3 nuestro sistema de aire acondicionado a uno m\u00e1s eficiente. Aseguraremos su mantenimiento trimestral seg\u00fan las especificaciones t\u00e9cnicas del equipo.<\/li>\n<li style=\"margin-top: 0px; margin-bottom: 0px; padding: 10px 0px; font-size: inherit; font-variant-caps: inherit; font-stretch: inherit; vertical-align: baseline;\">Velaremos por el funcionamiento adecuado y continuo de nuestros sistemas dedicados de suministro de aire exterior, los cuales se encargan de filtrarlo e inyectarlo constantemente en todos los recintos del edificio.<\/li>\n<li style=\"margin-top: 0px; margin-bottom: 0px; padding: 10px 0px; font-size: inherit; font-variant-caps: inherit; font-stretch: inherit; vertical-align: baseline;\">Nuestro personal de atenci\u00f3n al visitante, mantenimiento, educaci\u00f3n y tienda contar\u00e1n con los implementos necesarios para dar la bienvenida, ofrecer nuestros servicios y atender consultas. Obligatoriamente, utilizar\u00e1n mascarillas y\/o guantes si manipulan dinero.<\/li>\n<li style=\"margin-top: 0px; margin-bottom: 0px; padding: 10px 0px; font-size: inherit; font-variant-caps: inherit; font-stretch: inherit; vertical-align: baseline;\">Los protocolos de limpieza en salas y oficinas se intensificar\u00e1n en t\u00e9rminos de profundidad y frecuencia para desinfectar las superficies de mayor contacto como pisos, pasamanos, botoneras, pomos de puertas, brazos, asientos, vitrinas, vidrios, pantallas interactivas.<\/li>\n<li style=\"margin-top: 0px; margin-bottom: 0px; padding: 10px 0px; font-size: inherit; font-variant-caps: inherit; font-stretch: inherit; vertical-align: baseline;\">Se utilizar\u00e1n los implementos de limpieza recomendados por las autoridades sanitarias para llevar a cabo los protocolos.<\/li>\n<li style=\"margin-top: 0px; margin-bottom: 0px; padding: 10px 0px; font-size: inherit; font-variant-caps: inherit; font-stretch: inherit; vertical-align: baseline;\">Se colocar\u00e1n basureros con tapa en todas las zonas comunes.<\/li>\n<\/ol>\n<h2 style=\"margin: 0px; padding: 10px 0px; font-size: 28px; font-stretch: inherit; line-height: 1; vertical-align: baseline; color: #000000; caret-color: #000000; letter-spacing: normal; text-size-adjust: auto;\">Medidas sanitarias para nuestro personal<\/h2>\n<ol style=\"margin: 0px; padding: 10px 10px 10px 20px; font-family: Poppins, sans-serif; font-size: 16px; font-style: normal; font-weight: normal; font-stretch: inherit; vertical-align: baseline; list-style: none; text-size-adjust: auto;\">\n<li style=\"margin-top: 0px; margin-bottom: 0px; padding: 10px 0px; font-size: inherit; font-variant-caps: inherit; font-stretch: inherit; vertical-align: baseline;\">Se mantendr\u00e1 la posibilidad de hacer teletrabajo y el manejo de reuniones de manera virtual.<\/li>\n<li style=\"margin-top: 0px; margin-bottom: 0px; padding: 10px 0px; font-size: inherit; font-variant-caps: inherit; font-stretch: inherit; vertical-align: baseline;\">Dentro de la oficina, se promover\u00e1 el uso extendido de correo electr\u00f3nico o tel\u00e9fono para disminuir el contacto cara a cara.<\/li>\n<li style=\"margin-top: 0px; margin-bottom: 0px; padding: 10px 0px; font-size: inherit; font-variant-caps: inherit; font-stretch: inherit; vertical-align: baseline;\">Las medidas sanitarias personales ser\u00e1n exigidas al personal que se encuentre en oficinas y salas.<\/li>\n<li style=\"margin-top: 0px; margin-bottom: 0px; padding: 10px 0px; font-size: inherit; font-variant-caps: inherit; font-stretch: inherit; vertical-align: baseline;\">El protocolo de limpieza de los espacios internos tambi\u00e9n se intensificar\u00e1.<\/li>\n<li style=\"margin-top: 0px; margin-bottom: 0px; padding: 10px 0px; font-size: inherit; font-variant-caps: inherit; font-stretch: inherit; vertical-align: baseline;\">El personal que tenga contacto con los visitantes deber\u00e1 utilizar el equipo de protecci\u00f3n necesario y practicar los protocolos de higiene antes, durante y despu\u00e9s de estar en contacto con ellos.<\/li>\n<li style=\"margin-top: 0px; margin-bottom: 0px; padding: 10px 0px; font-size: inherit; font-variant-caps: inherit; font-stretch: inherit; vertical-align: baseline;\">El personal que tenga contacto con proveedores u otros p\u00fablicos externos deber\u00e1 utilizar el equipo de protecci\u00f3n necesario y practicar los protocolos de higiene, antes, durante y despu\u00e9s de estar en contacto con ellos.<\/li>\n<\/ol>\t\t\t\t\t<\/div>\n\t\t\t\t\t\t<\/div>\n\t\t\t\t<\/div>\n\t\t\t\t\t\t<\/div>\n\t\t\t\t\t<\/div>\n\t\t<\/div>\n\t\t\t\t\t\t\t\t<\/div>\n\t\t\t\t\t<\/div>\n\t\t<\/section>\n\t\t\t\t\t\t\t\t\t<\/div>\n\t\t\t<\/div>\n\t\t\t\t\t<\/div>","protected":false},"excerpt":{"rendered":"<p>Procurando el bienestar y la salud de todos, agradecemos su colaboraci\u00f3n con las siguientes medidas: Medidas sanitarias antes y durante su recorrido por el museo: Le recordamos que el uso de mascarilla es obligatorio para ingresar al museo. Estamos limitando la cantidad de visitantes dentro&hellip;<\/p>","protected":false},"author":1,"featured_media":0,"parent":0,"menu_order":0,"comment_status":"closed","ping_status":"closed","template":"","meta":{"footnotes":""},"class_list":["post-9566","page","type-page","status-publish","hentry"],"_links":{"self":[{"href":"https:\/\/museosdelbancocentral.org\/eng\/wp-json\/wp\/v2\/pages\/9566","targetHints":{"allow":["GET"]}}],"collection":[{"href":"https:\/\/museosdelbancocentral.org\/eng\/wp-json\/wp\/v2\/pages"}],"about":[{"href":"https:\/\/museosdelbancocentral.org\/eng\/wp-json\/wp\/v2\/types\/page"}],"author":[{"embeddable":true,"href":"https:\/\/museosdelbancocentral.org\/eng\/wp-json\/wp\/v2\/users\/1"}],"replies":[{"embeddable":true,"href":"https:\/\/museosdelbancocentral.org\/eng\/wp-json\/wp\/v2\/comments?post=9566"}],"version-history":[{"count":0,"href":"https:\/\/museosdelbancocentral.org\/eng\/wp-json\/wp\/v2\/pages\/9566\/revisions"}],"wp:attachment":[{"href":"https:\/\/museosdelbancocentral.org\/eng\/wp-json\/wp\/v2\/media?parent=9566"}],"curies":[{"name":"wp","href":"https:\/\/api.w.org\/{rel}","templated":true}]}}